{"id":34,"date":"2016-01-06T17:46:05","date_gmt":"2016-01-06T16:46:05","guid":{"rendered":"http:\/\/un-film-un-jour.com\/?page_id=34"},"modified":"2016-01-14T20:16:37","modified_gmt":"2016-01-14T19:16:37","slug":"a-propos-2","status":"publish","type":"page","link":"https:\/\/un-film-un-jour.com\/index.php\/a-propos-2\/","title":{"rendered":"\u00c0 propos"},"content":{"rendered":"<p><img loading=\"lazy\" decoding=\"async\" class=\"wp-image-46 alignleft\" src=\"https:\/\/un-film-un-jour.com\/wp-content\/uploads\/2016\/01\/Sobotna__Delo_Foto_20141023.3_hires.jpeg0_-300x204.jpeg\" alt=\"Yves Gounin \u010dlan francoskega dr\u017eavnega sveta za mednarodne odnose, med obiskom v Ljubljani, Slovenija 17.oktobra 2014.\" width=\"343\" height=\"233\" srcset=\"https:\/\/un-film-un-jour.com\/wp-content\/uploads\/2016\/01\/Sobotna__Delo_Foto_20141023.3_hires.jpeg0_-300x204.jpeg 300w, https:\/\/un-film-un-jour.com\/wp-content\/uploads\/2016\/01\/Sobotna__Delo_Foto_20141023.3_hires.jpeg0_-768x524.jpeg 768w, https:\/\/un-film-un-jour.com\/wp-content\/uploads\/2016\/01\/Sobotna__Delo_Foto_20141023.3_hires.jpeg0_.jpeg 1024w\" sizes=\"auto, (max-width: 343px) 100vw, 343px\" \/><\/p>\n<p>Conseiller d\u2019\u00c9tat en journ\u00e9e, cin\u00e9phage en soir\u00e9e, j&rsquo;\u00e9cris chaque nuit une courte critique de film pour vous faire partager mes coups de c\u0153ur et mes coups de gueule.<\/p>\n","protected":false},"excerpt":{"rendered":"<p>Conseiller d\u2019\u00c9tat en journ\u00e9e, cin\u00e9phage en soir\u00e9e, j&rsquo;\u00e9cris chaque nuit une courte critique de film pour vous faire partager mes coups de c\u0153ur et mes coups de gueule.<\/p>\n","protected":false},"author":1,"featured_media":0,"parent":0,"menu_order":0,"comment_status":"closed","ping_status":"closed","template":"","meta":{"footnotes":""},"class_list":["post-34","page","type-page","status-publish","hentry"],"_links":{"self":[{"href":"https:\/\/un-film-un-jour.com\/index.php\/wp-json\/wp\/v2\/pages\/34","targetHints":{"allow":["GET"]}}],"collection":[{"href":"https:\/\/un-film-un-jour.com\/index.php\/wp-json\/wp\/v2\/pages"}],"about":[{"href":"https:\/\/un-film-un-jour.com\/index.php\/wp-json\/wp\/v2\/types\/page"}],"author":[{"embeddable":true,"href":"https:\/\/un-film-un-jour.com\/index.php\/wp-json\/wp\/v2\/users\/1"}],"replies":[{"embeddable":true,"href":"https:\/\/un-film-un-jour.com\/index.php\/wp-json\/wp\/v2\/comments?post=34"}],"version-history":[{"count":10,"href":"https:\/\/un-film-un-jour.com\/index.php\/wp-json\/wp\/v2\/pages\/34\/revisions"}],"predecessor-version":[{"id":238,"href":"https:\/\/un-film-un-jour.com\/index.php\/wp-json\/wp\/v2\/pages\/34\/revisions\/238"}],"wp:attachment":[{"href":"https:\/\/un-film-un-jour.com\/index.php\/wp-json\/wp\/v2\/media?parent=34"}],"curies":[{"name":"wp","href":"https:\/\/api.w.org\/{rel}","templated":true}]}}